{"id":680,"date":"2019-11-04T20:02:14","date_gmt":"2019-11-04T20:02:14","guid":{"rendered":"http:\/\/consisd.com.mx\/consisd\/?page_id=680"},"modified":"2019-11-20T00:03:02","modified_gmt":"2019-11-20T00:03:02","slug":"clientes","status":"publish","type":"page","link":"https:\/\/consisd.com.mx\/consisd\/clientes\/","title":{"rendered":"Clientes"},"content":{"rendered":"\t\t<div data-elementor-type=\"wp-page\" data-elementor-id=\"680\" class=\"elementor elementor-680\" data-elementor-settings=\"[]\">\n\t\t\t<div class=\"elementor-inner\">\n\t\t\t\t<div class=\"elementor-section-wrap\">\n\t\t\t\t\t\t\t<section class=\"elementor-element elementor-element-f043f8d elementor-section-boxed elementor-section-height-default elementor-section-height-default elementor-section elementor-top-section\" data-id=\"f043f8d\" data-element_type=\"section\">\n\t\t\t\t\t\t<div class=\"elementor-container elementor-column-gap-default\">\n\t\t\t\t<div class=\"elementor-row\">\n\t\t\t\t<div class=\"elementor-element elementor-element-8406b6d elementor-column elementor-col-100 elementor-top-column\" data-id=\"8406b6d\" data-element_type=\"column\">\n\t\t\t<div class=\"elementor-column-wrap  elementor-element-populated\">\n\t\t\t\t\t<div class=\"elementor-widget-wrap\">\n\t\t\t\t<div class=\"elementor-element elementor-element-d99f48a elementor-widget elementor-widget-heading\" data-id=\"d99f48a\" data-element_type=\"widget\" data-widget_type=\"heading.default\">\n\t\t\t\t<div class=\"elementor-widget-container\">\n\t\t\t<h2 class=\"elementor-heading-title elementor-size-default\">Clientes que nos Favorecen<\/h2>\t\t<\/div>\n\t\t\t\t<\/div>\n\t\t\t\t\t\t<\/div>\n\t\t\t<\/div>\n\t\t<\/div>\n\t\t\t\t\t\t<\/div>\n\t\t\t<\/div>\n\t\t<\/section>\n\t\t\t\t<section class=\"elementor-element elementor-element-f173dc3 elementor-section-boxed elementor-section-height-default elementor-section-height-default elementor-section elementor-top-section\" data-id=\"f173dc3\" data-element_type=\"section\">\n\t\t\t\t\t\t<div class=\"elementor-container elementor-column-gap-default\">\n\t\t\t\t<div class=\"elementor-row\">\n\t\t\t\t<div class=\"elementor-element elementor-element-44a2eb0 elementor-column elementor-col-100 elementor-top-column\" data-id=\"44a2eb0\" data-element_type=\"column\">\n\t\t\t<div class=\"elementor-column-wrap  elementor-element-populated\">\n\t\t\t\t\t<div class=\"elementor-widget-wrap\">\n\t\t\t\t<section class=\"elementor-element elementor-element-9195fa4 elementor-section-boxed elementor-section-height-default elementor-section-height-default elementor-section elementor-inner-section\" data-id=\"9195fa4\" data-element_type=\"section\">\n\t\t\t\t\t\t<div class=\"elementor-container elementor-column-gap-default\">\n\t\t\t\t<div class=\"elementor-row\">\n\t\t\t\t<div class=\"elementor-element elementor-element-31418f8 elementor-column elementor-col-50 elementor-inner-column\" data-id=\"31418f8\" data-element_type=\"column\">\n\t\t\t<div class=\"elementor-column-wrap  elementor-element-populated\">\n\t\t\t\t\t<div class=\"elementor-widget-wrap\">\n\t\t\t\t<div class=\"elementor-element elementor-element-294c981 elementor-widget elementor-widget-image\" data-id=\"294c981\" data-element_type=\"widget\" data-widget_type=\"image.default\">\n\t\t\t\t<div class=\"elementor-widget-container\">\n\t\t\t\t\t<div class=\"elementor-image\">\n\t\t\t\t\t\t\t\t\t\t<img width=\"400\" height=\"200\" src=\"https:\/\/consisd.com.mx\/consisd\/wp-content\/uploads\/2019\/11\/Logo-Sefi-BN.jpg\" class=\"attachment-large size-large\" alt=\"\" loading=\"lazy\" srcset=\"https:\/\/consisd.com.mx\/consisd\/wp-content\/uploads\/2019\/11\/Logo-Sefi-BN.jpg 400w, https:\/\/consisd.com.mx\/consisd\/wp-content\/uploads\/2019\/11\/Logo-Sefi-BN-300x150.jpg 300w, https:\/\/consisd.com.mx\/consisd\/wp-content\/uploads\/2019\/11\/Logo-Sefi-BN-230x115.jpg 230w\" sizes=\"(max-width: 400px) 100vw, 400px\" \/>\t\t\t\t\t\t\t\t\t\t\t<\/div>\n\t\t\t\t<\/div>\n\t\t\t\t<\/div>\n\t\t\t\t<div class=\"elementor-element elementor-element-a7d4ff7 elementor-position-top elementor-vertical-align-top elementor-widget elementor-widget-image-box\" data-id=\"a7d4ff7\" data-element_type=\"widget\" data-widget_type=\"image-box.default\">\n\t\t\t\t<div class=\"elementor-widget-container\">\n\t\t\t<div class=\"elementor-image-box-wrapper\"><div class=\"elementor-image-box-content\"><h3 class=\"elementor-image-box-title\">Sefi Estrategicos<\/h3><p class=\"elementor-image-box-description\">M\u00e1s de 2 a\u00f1os operando el Sis-Cr\u00e9ditos con m\u00f3dulos de Cr\u00e9dito Simple y Cuenta Corriente<\/p><\/div><\/div>\t\t<\/div>\n\t\t\t\t<\/div>\n\t\t\t\t\t\t<\/div>\n\t\t\t<\/div>\n\t\t<\/div>\n\t\t\t\t<div class=\"elementor-element elementor-element-29f0f0f elementor-column elementor-col-50 elementor-inner-column\" data-id=\"29f0f0f\" data-element_type=\"column\">\n\t\t\t<div class=\"elementor-column-wrap  elementor-element-populated\">\n\t\t\t\t\t<div class=\"elementor-widget-wrap\">\n\t\t\t\t<div class=\"elementor-element elementor-element-57fb3f8 elementor-widget elementor-widget-image\" data-id=\"57fb3f8\" data-element_type=\"widget\" data-widget_type=\"image.default\">\n\t\t\t\t<div class=\"elementor-widget-container\">\n\t\t\t\t\t<div class=\"elementor-image\">\n\t\t\t\t\t\t\t\t\t\t<img width=\"800\" height=\"400\" src=\"https:\/\/consisd.com.mx\/consisd\/wp-content\/uploads\/2019\/11\/Logo-Panhec-BN.jpg\" class=\"attachment-large size-large\" alt=\"\" loading=\"lazy\" srcset=\"https:\/\/consisd.com.mx\/consisd\/wp-content\/uploads\/2019\/11\/Logo-Panhec-BN.jpg 800w, https:\/\/consisd.com.mx\/consisd\/wp-content\/uploads\/2019\/11\/Logo-Panhec-BN-300x150.jpg 300w, https:\/\/consisd.com.mx\/consisd\/wp-content\/uploads\/2019\/11\/Logo-Panhec-BN-768x384.jpg 768w, https:\/\/consisd.com.mx\/consisd\/wp-content\/uploads\/2019\/11\/Logo-Panhec-BN-230x115.jpg 230w\" sizes=\"(max-width: 800px) 100vw, 800px\" \/>\t\t\t\t\t\t\t\t\t\t\t<\/div>\n\t\t\t\t<\/div>\n\t\t\t\t<\/div>\n\t\t\t\t<div class=\"elementor-element elementor-element-3773df9 elementor-position-top elementor-vertical-align-top elementor-widget elementor-widget-image-box\" data-id=\"3773df9\" data-element_type=\"widget\" data-widget_type=\"image-box.default\">\n\t\t\t\t<div class=\"elementor-widget-container\">\n\t\t\t<div class=\"elementor-image-box-wrapper\"><div class=\"elementor-image-box-content\"><h3 class=\"elementor-image-box-title\">Panhec<\/h3><p class=\"elementor-image-box-description\">Operando el Sis-Cr\u00e9ditos  casi 5 a\u00f1os  con m\u00f3dulos de Cr\u00e9dito Simple, Descuento N\u00f3mina, L\u00edneas de Cr\u00e9dito, Arrendamiento y Factoraje, adem\u00e1s de Inversionistas<\/p><\/div><\/div>\t\t<\/div>\n\t\t\t\t<\/div>\n\t\t\t\t\t\t<\/div>\n\t\t\t<\/div>\n\t\t<\/div>\n\t\t\t\t\t\t<\/div>\n\t\t\t<\/div>\n\t\t<\/section>\n\t\t\t\t<section class=\"elementor-element elementor-element-5c6aeea elementor-section-boxed elementor-section-height-default elementor-section-height-default elementor-section elementor-inner-section\" data-id=\"5c6aeea\" data-element_type=\"section\">\n\t\t\t\t\t\t<div class=\"elementor-container elementor-column-gap-default\">\n\t\t\t\t<div class=\"elementor-row\">\n\t\t\t\t<div class=\"elementor-element elementor-element-6f63dca elementor-column elementor-col-50 elementor-inner-column\" data-id=\"6f63dca\" data-element_type=\"column\">\n\t\t\t<div class=\"elementor-column-wrap  elementor-element-populated\">\n\t\t\t\t\t<div class=\"elementor-widget-wrap\">\n\t\t\t\t<div class=\"elementor-element elementor-element-a5d91e3 elementor-widget elementor-widget-image\" data-id=\"a5d91e3\" data-element_type=\"widget\" data-widget_type=\"image.default\">\n\t\t\t\t<div class=\"elementor-widget-container\">\n\t\t\t\t\t<div class=\"elementor-image\">\n\t\t\t\t\t\t\t\t\t\t<img width=\"400\" height=\"200\" src=\"https:\/\/consisd.com.mx\/consisd\/wp-content\/uploads\/2019\/11\/Logo-Global-Lending-BN.jpg\" class=\"attachment-large size-large\" alt=\"\" loading=\"lazy\" srcset=\"https:\/\/consisd.com.mx\/consisd\/wp-content\/uploads\/2019\/11\/Logo-Global-Lending-BN.jpg 400w, https:\/\/consisd.com.mx\/consisd\/wp-content\/uploads\/2019\/11\/Logo-Global-Lending-BN-300x150.jpg 300w, https:\/\/consisd.com.mx\/consisd\/wp-content\/uploads\/2019\/11\/Logo-Global-Lending-BN-230x115.jpg 230w\" sizes=\"(max-width: 400px) 100vw, 400px\" \/>\t\t\t\t\t\t\t\t\t\t\t<\/div>\n\t\t\t\t<\/div>\n\t\t\t\t<\/div>\n\t\t\t\t<div class=\"elementor-element elementor-element-d2a1427 elementor-position-top elementor-vertical-align-top elementor-widget elementor-widget-image-box\" data-id=\"d2a1427\" data-element_type=\"widget\" data-widget_type=\"image-box.default\">\n\t\t\t\t<div class=\"elementor-widget-container\">\n\t\t\t<div class=\"elementor-image-box-wrapper\"><div class=\"elementor-image-box-content\"><h3 class=\"elementor-image-box-title\">Global Lending<\/h3><p class=\"elementor-image-box-description\">M\u00e1s de 8 a\u00f1os operando el Sis-Cr\u00e9ditos con m\u00f3dulos de Cr\u00e9dito Simple y con Descuento V\u00eda N\u00f3mina<\/p><\/div><\/div>\t\t<\/div>\n\t\t\t\t<\/div>\n\t\t\t\t\t\t<\/div>\n\t\t\t<\/div>\n\t\t<\/div>\n\t\t\t\t<div class=\"elementor-element elementor-element-74934c8 elementor-column elementor-col-50 elementor-inner-column\" data-id=\"74934c8\" data-element_type=\"column\">\n\t\t\t<div class=\"elementor-column-wrap  elementor-element-populated\">\n\t\t\t\t\t<div class=\"elementor-widget-wrap\">\n\t\t\t\t<div class=\"elementor-element elementor-element-6e609b3 elementor-widget elementor-widget-image\" data-id=\"6e609b3\" data-element_type=\"widget\" data-widget_type=\"image.default\">\n\t\t\t\t<div class=\"elementor-widget-container\">\n\t\t\t\t\t<div class=\"elementor-image\">\n\t\t\t\t\t\t\t\t\t\t<img width=\"400\" height=\"200\" src=\"https:\/\/consisd.com.mx\/consisd\/wp-content\/uploads\/2019\/11\/Logo-G308-BN.jpg\" class=\"attachment-large size-large\" alt=\"\" loading=\"lazy\" srcset=\"https:\/\/consisd.com.mx\/consisd\/wp-content\/uploads\/2019\/11\/Logo-G308-BN.jpg 400w, https:\/\/consisd.com.mx\/consisd\/wp-content\/uploads\/2019\/11\/Logo-G308-BN-300x150.jpg 300w, https:\/\/consisd.com.mx\/consisd\/wp-content\/uploads\/2019\/11\/Logo-G308-BN-230x115.jpg 230w\" sizes=\"(max-width: 400px) 100vw, 400px\" \/>\t\t\t\t\t\t\t\t\t\t\t<\/div>\n\t\t\t\t<\/div>\n\t\t\t\t<\/div>\n\t\t\t\t<div class=\"elementor-element elementor-element-816e801 elementor-position-top elementor-vertical-align-top elementor-widget elementor-widget-image-box\" data-id=\"816e801\" data-element_type=\"widget\" data-widget_type=\"image-box.default\">\n\t\t\t\t<div class=\"elementor-widget-container\">\n\t\t\t<div class=\"elementor-image-box-wrapper\"><div class=\"elementor-image-box-content\"><h3 class=\"elementor-image-box-title\">G308<\/h3><p class=\"elementor-image-box-description\">M\u00e1s de 8 a\u00f1os operando el Sis-Cr\u00e9ditos con m\u00f3dulos de Cr\u00e9dito Simple y con Descuento v\u00eda n\u00f3mina<\/p><\/div><\/div>\t\t<\/div>\n\t\t\t\t<\/div>\n\t\t\t\t\t\t<\/div>\n\t\t\t<\/div>\n\t\t<\/div>\n\t\t\t\t\t\t<\/div>\n\t\t\t<\/div>\n\t\t<\/section>\n\t\t\t\t<section class=\"elementor-element elementor-element-8a474b2 elementor-section-boxed elementor-section-height-default elementor-section-height-default elementor-section elementor-inner-section\" data-id=\"8a474b2\" data-element_type=\"section\">\n\t\t\t\t\t\t<div class=\"elementor-container elementor-column-gap-default\">\n\t\t\t\t<div class=\"elementor-row\">\n\t\t\t\t<div class=\"elementor-element elementor-element-58d7d94 elementor-column elementor-col-50 elementor-inner-column\" data-id=\"58d7d94\" data-element_type=\"column\">\n\t\t\t<div class=\"elementor-column-wrap  elementor-element-populated\">\n\t\t\t\t\t<div class=\"elementor-widget-wrap\">\n\t\t\t\t<div class=\"elementor-element elementor-element-aadbbec elementor-widget elementor-widget-image\" data-id=\"aadbbec\" data-element_type=\"widget\" data-widget_type=\"image.default\">\n\t\t\t\t<div class=\"elementor-widget-container\">\n\t\t\t\t\t<div class=\"elementor-image\">\n\t\t\t\t\t\t\t\t\t\t<img width=\"800\" height=\"400\" src=\"https:\/\/consisd.com.mx\/consisd\/wp-content\/uploads\/2019\/11\/Logo-Imdefom-BN-800.jpg\" class=\"attachment-large size-large\" alt=\"\" loading=\"lazy\" srcset=\"https:\/\/consisd.com.mx\/consisd\/wp-content\/uploads\/2019\/11\/Logo-Imdefom-BN-800.jpg 800w, https:\/\/consisd.com.mx\/consisd\/wp-content\/uploads\/2019\/11\/Logo-Imdefom-BN-800-300x150.jpg 300w, https:\/\/consisd.com.mx\/consisd\/wp-content\/uploads\/2019\/11\/Logo-Imdefom-BN-800-768x384.jpg 768w, https:\/\/consisd.com.mx\/consisd\/wp-content\/uploads\/2019\/11\/Logo-Imdefom-BN-800-230x115.jpg 230w\" sizes=\"(max-width: 800px) 100vw, 800px\" \/>\t\t\t\t\t\t\t\t\t\t\t<\/div>\n\t\t\t\t<\/div>\n\t\t\t\t<\/div>\n\t\t\t\t<div class=\"elementor-element elementor-element-fec2055 elementor-position-top elementor-vertical-align-top elementor-widget elementor-widget-image-box\" data-id=\"fec2055\" data-element_type=\"widget\" data-widget_type=\"image-box.default\">\n\t\t\t\t<div class=\"elementor-widget-container\">\n\t\t\t<div class=\"elementor-image-box-wrapper\"><div class=\"elementor-image-box-content\"><h3 class=\"elementor-image-box-title\">Imdefom<\/h3><p class=\"elementor-image-box-description\">Casi 2 a\u00f1os operando el Sis-Cr\u00e9ditos, con el m\u00f3dulo de Cr\u00e9ditos a Grupos Solidarios<\/p><\/div><\/div>\t\t<\/div>\n\t\t\t\t<\/div>\n\t\t\t\t\t\t<\/div>\n\t\t\t<\/div>\n\t\t<\/div>\n\t\t\t\t<div class=\"elementor-element elementor-element-5b65fb1 elementor-column elementor-col-50 elementor-inner-column\" data-id=\"5b65fb1\" data-element_type=\"column\">\n\t\t\t<div class=\"elementor-column-wrap  elementor-element-populated\">\n\t\t\t\t\t<div class=\"elementor-widget-wrap\">\n\t\t\t\t<div class=\"elementor-element elementor-element-9ce04eb elementor-widget elementor-widget-image\" data-id=\"9ce04eb\" data-element_type=\"widget\" data-widget_type=\"image.default\">\n\t\t\t\t<div class=\"elementor-widget-container\">\n\t\t\t\t\t<div class=\"elementor-image\">\n\t\t\t\t\t\t\t\t\t\t<img width=\"400\" height=\"200\" src=\"https:\/\/consisd.com.mx\/consisd\/wp-content\/uploads\/2019\/11\/Logo-Abonitos-BN.jpg\" class=\"attachment-large size-large\" alt=\"\" loading=\"lazy\" srcset=\"https:\/\/consisd.com.mx\/consisd\/wp-content\/uploads\/2019\/11\/Logo-Abonitos-BN.jpg 400w, https:\/\/consisd.com.mx\/consisd\/wp-content\/uploads\/2019\/11\/Logo-Abonitos-BN-300x150.jpg 300w, https:\/\/consisd.com.mx\/consisd\/wp-content\/uploads\/2019\/11\/Logo-Abonitos-BN-230x115.jpg 230w\" sizes=\"(max-width: 400px) 100vw, 400px\" \/>\t\t\t\t\t\t\t\t\t\t\t<\/div>\n\t\t\t\t<\/div>\n\t\t\t\t<\/div>\n\t\t\t\t<div class=\"elementor-element elementor-element-05f960f elementor-position-top elementor-vertical-align-top elementor-widget elementor-widget-image-box\" data-id=\"05f960f\" data-element_type=\"widget\" data-widget_type=\"image-box.default\">\n\t\t\t\t<div class=\"elementor-widget-container\">\n\t\t\t<div class=\"elementor-image-box-wrapper\"><div class=\"elementor-image-box-content\"><h3 class=\"elementor-image-box-title\">Anisal<\/h3><p class=\"elementor-image-box-description\">M\u00e1s de 8 a\u00f1os operando el Sis-Cr\u00e9ditos con el m\u00f3dulo Cr\u00e9ditos con Descuento v\u00eda n\u00f3mina, adem\u00e1s adquiriendo recientemente el de Cr\u00e9dito Simple<\/p><\/div><\/div>\t\t<\/div>\n\t\t\t\t<\/div>\n\t\t\t\t\t\t<\/div>\n\t\t\t<\/div>\n\t\t<\/div>\n\t\t\t\t\t\t<\/div>\n\t\t\t<\/div>\n\t\t<\/section>\n\t\t\t\t<section class=\"elementor-element elementor-element-bb3d597 elementor-section-boxed elementor-section-height-default elementor-section-height-default elementor-section elementor-inner-section\" data-id=\"bb3d597\" data-element_type=\"section\">\n\t\t\t\t\t\t<div class=\"elementor-container elementor-column-gap-default\">\n\t\t\t\t<div class=\"elementor-row\">\n\t\t\t\t<div class=\"elementor-element elementor-element-2ccadb9 elementor-column elementor-col-50 elementor-inner-column\" data-id=\"2ccadb9\" data-element_type=\"column\">\n\t\t\t<div class=\"elementor-column-wrap  elementor-element-populated\">\n\t\t\t\t\t<div class=\"elementor-widget-wrap\">\n\t\t\t\t<div class=\"elementor-element elementor-element-f10ae78 elementor-widget elementor-widget-image\" data-id=\"f10ae78\" data-element_type=\"widget\" data-widget_type=\"image.default\">\n\t\t\t\t<div class=\"elementor-widget-container\">\n\t\t\t\t\t<div class=\"elementor-image\">\n\t\t\t\t\t\t\t\t\t\t<img width=\"400\" height=\"200\" src=\"https:\/\/consisd.com.mx\/consisd\/wp-content\/uploads\/2019\/11\/Logo-Mizrafin-BN.jpg\" class=\"attachment-large size-large\" alt=\"\" loading=\"lazy\" srcset=\"https:\/\/consisd.com.mx\/consisd\/wp-content\/uploads\/2019\/11\/Logo-Mizrafin-BN.jpg 400w, https:\/\/consisd.com.mx\/consisd\/wp-content\/uploads\/2019\/11\/Logo-Mizrafin-BN-300x150.jpg 300w, https:\/\/consisd.com.mx\/consisd\/wp-content\/uploads\/2019\/11\/Logo-Mizrafin-BN-230x115.jpg 230w\" sizes=\"(max-width: 400px) 100vw, 400px\" \/>\t\t\t\t\t\t\t\t\t\t\t<\/div>\n\t\t\t\t<\/div>\n\t\t\t\t<\/div>\n\t\t\t\t<div class=\"elementor-element elementor-element-f729cc1 elementor-position-top elementor-vertical-align-top elementor-widget elementor-widget-image-box\" data-id=\"f729cc1\" data-element_type=\"widget\" data-widget_type=\"image-box.default\">\n\t\t\t\t<div class=\"elementor-widget-container\">\n\t\t\t<div class=\"elementor-image-box-wrapper\"><div class=\"elementor-image-box-content\"><h3 class=\"elementor-image-box-title\">Mizrafin<\/h3><p class=\"elementor-image-box-description\">En periodo de Implementaci\u00f3n, con los m\u00f3dulos de Cr\u00e9dito Simple, L\u00edneas de Cr\u00e9dito, Factoraje, Inversionistas, Fondeadores, adem\u00e1s de haber adquirido recientemente el m\u00f3dulo de Arrendamiento.<\/p><\/div><\/div>\t\t<\/div>\n\t\t\t\t<\/div>\n\t\t\t\t\t\t<\/div>\n\t\t\t<\/div>\n\t\t<\/div>\n\t\t\t\t<div class=\"elementor-element elementor-element-33aea74 elementor-column elementor-col-50 elementor-inner-column\" data-id=\"33aea74\" data-element_type=\"column\">\n\t\t\t<div class=\"elementor-column-wrap  elementor-element-populated\">\n\t\t\t\t\t<div class=\"elementor-widget-wrap\">\n\t\t\t\t<div class=\"elementor-element elementor-element-8612876 elementor-widget elementor-widget-image\" data-id=\"8612876\" data-element_type=\"widget\" data-widget_type=\"image.default\">\n\t\t\t\t<div class=\"elementor-widget-container\">\n\t\t\t\t\t<div class=\"elementor-image\">\n\t\t\t\t\t\t\t\t\t\t<img width=\"400\" height=\"200\" src=\"https:\/\/consisd.com.mx\/consisd\/wp-content\/uploads\/2019\/11\/Logo-Helios-BN.jpg\" class=\"attachment-large size-large\" alt=\"\" loading=\"lazy\" srcset=\"https:\/\/consisd.com.mx\/consisd\/wp-content\/uploads\/2019\/11\/Logo-Helios-BN.jpg 400w, https:\/\/consisd.com.mx\/consisd\/wp-content\/uploads\/2019\/11\/Logo-Helios-BN-300x150.jpg 300w, https:\/\/consisd.com.mx\/consisd\/wp-content\/uploads\/2019\/11\/Logo-Helios-BN-230x115.jpg 230w\" sizes=\"(max-width: 400px) 100vw, 400px\" \/>\t\t\t\t\t\t\t\t\t\t\t<\/div>\n\t\t\t\t<\/div>\n\t\t\t\t<\/div>\n\t\t\t\t<div class=\"elementor-element elementor-element-52bece4 elementor-position-top elementor-vertical-align-top elementor-widget elementor-widget-image-box\" data-id=\"52bece4\" data-element_type=\"widget\" data-widget_type=\"image-box.default\">\n\t\t\t\t<div class=\"elementor-widget-container\">\n\t\t\t<div class=\"elementor-image-box-wrapper\"><div class=\"elementor-image-box-content\"><h3 class=\"elementor-image-box-title\">Fiferson<\/h3><p class=\"elementor-image-box-description\">Casi 3 a\u00f1os operando con el Sis-Cr\u00e9ditos, con los m\u00f3dulos de Cr\u00e9dito Simple, con Descuento V\u00eda N\u00f3mina y Arrendamiento\u200b<\/p><\/div><\/div>\t\t<\/div>\n\t\t\t\t<\/div>\n\t\t\t\t\t\t<\/div>\n\t\t\t<\/div>\n\t\t<\/div>\n\t\t\t\t\t\t<\/div>\n\t\t\t<\/div>\n\t\t<\/section>\n\t\t\t\t<section class=\"elementor-element elementor-element-e0435bf elementor-section-boxed elementor-section-height-default elementor-section-height-default elementor-section elementor-inner-section\" data-id=\"e0435bf\" data-element_type=\"section\">\n\t\t\t\t\t\t<div class=\"elementor-container elementor-column-gap-default\">\n\t\t\t\t<div class=\"elementor-row\">\n\t\t\t\t<div class=\"elementor-element elementor-element-b46ca6c elementor-column elementor-col-50 elementor-inner-column\" data-id=\"b46ca6c\" data-element_type=\"column\">\n\t\t\t<div class=\"elementor-column-wrap  elementor-element-populated\">\n\t\t\t\t\t<div class=\"elementor-widget-wrap\">\n\t\t\t\t<div class=\"elementor-element elementor-element-98b8eb0 elementor-widget elementor-widget-image\" data-id=\"98b8eb0\" data-element_type=\"widget\" data-widget_type=\"image.default\">\n\t\t\t\t<div class=\"elementor-widget-container\">\n\t\t\t\t\t<div class=\"elementor-image\">\n\t\t\t\t\t\t\t\t\t\t<img width=\"400\" height=\"200\" src=\"https:\/\/consisd.com.mx\/consisd\/wp-content\/uploads\/2019\/11\/Logo-Rio-Grande-BN.jpg\" class=\"attachment-large size-large\" alt=\"\" loading=\"lazy\" srcset=\"https:\/\/consisd.com.mx\/consisd\/wp-content\/uploads\/2019\/11\/Logo-Rio-Grande-BN.jpg 400w, https:\/\/consisd.com.mx\/consisd\/wp-content\/uploads\/2019\/11\/Logo-Rio-Grande-BN-300x150.jpg 300w, https:\/\/consisd.com.mx\/consisd\/wp-content\/uploads\/2019\/11\/Logo-Rio-Grande-BN-230x115.jpg 230w\" sizes=\"(max-width: 400px) 100vw, 400px\" \/>\t\t\t\t\t\t\t\t\t\t\t<\/div>\n\t\t\t\t<\/div>\n\t\t\t\t<\/div>\n\t\t\t\t<div class=\"elementor-element elementor-element-06d9e20 elementor-position-top elementor-vertical-align-top elementor-widget elementor-widget-image-box\" data-id=\"06d9e20\" data-element_type=\"widget\" data-widget_type=\"image-box.default\">\n\t\t\t\t<div class=\"elementor-widget-container\">\n\t\t\t<div class=\"elementor-image-box-wrapper\"><div class=\"elementor-image-box-content\"><h3 class=\"elementor-image-box-title\">Rio Grande<\/h3><p class=\"elementor-image-box-description\">Casi 3 a\u00f1os operando con el Sis-Cr\u00e9ditos, con los m\u00f3dulos de Cr\u00e9dito Simple y L\u00edneas de Cr\u00e9dito, adem\u00e1s de manejar operaciones en D\u00f3lares.<\/p><\/div><\/div>\t\t<\/div>\n\t\t\t\t<\/div>\n\t\t\t\t\t\t<\/div>\n\t\t\t<\/div>\n\t\t<\/div>\n\t\t\t\t<div class=\"elementor-element elementor-element-5985da1 elementor-column elementor-col-50 elementor-inner-column\" data-id=\"5985da1\" data-element_type=\"column\">\n\t\t\t<div class=\"elementor-column-wrap\">\n\t\t\t\t\t<div class=\"elementor-widget-wrap\">\n\t\t\t\t\t\t<\/div>\n\t\t\t<\/div>\n\t\t<\/div>\n\t\t\t\t\t\t<\/div>\n\t\t\t<\/div>\n\t\t<\/section>\n\t\t\t\t\t\t<\/div>\n\t\t\t<\/div>\n\t\t<\/div>\n\t\t\t\t\t\t<\/div>\n\t\t\t<\/div>\n\t\t<\/section>\n\t\t\t\t\t\t<\/div>\n\t\t\t<\/div>\n\t\t<\/div>\n\t\t","protected":false},"excerpt":{"rendered":"<p>Clientes que nos Favorecen Sefi Estrategicos M\u00e1s de 2 a\u00f1os operando el Sis-Cr\u00e9ditos con m\u00f3dulos de Cr\u00e9dito Simple y Cuenta Corriente Panhec Operando el Sis-Cr\u00e9ditos casi 5 a\u00f1os con m\u00f3dulos de Cr\u00e9dito Simple, Descuento N\u00f3mina, L\u00edneas de Cr\u00e9dito, Arrendamiento y Factoraje, adem\u00e1s de Inversionistas Global Lending M\u00e1s de 8 a\u00f1os operando el Sis-Cr\u00e9ditos con m\u00f3dulos [&hellip;]<\/p>\n","protected":false},"author":1,"featured_media":0,"parent":0,"menu_order":0,"comment_status":"closed","ping_status":"closed","template":"","meta":[],"_links":{"self":[{"href":"https:\/\/consisd.com.mx\/consisd\/wp-json\/wp\/v2\/pages\/680"}],"collection":[{"href":"https:\/\/consisd.com.mx\/consisd\/wp-json\/wp\/v2\/pages"}],"about":[{"href":"https:\/\/consisd.com.mx\/consisd\/wp-json\/wp\/v2\/types\/page"}],"author":[{"embeddable":true,"href":"https:\/\/consisd.com.mx\/consisd\/wp-json\/wp\/v2\/users\/1"}],"replies":[{"embeddable":true,"href":"https:\/\/consisd.com.mx\/consisd\/wp-json\/wp\/v2\/comments?post=680"}],"version-history":[{"count":11,"href":"https:\/\/consisd.com.mx\/consisd\/wp-json\/wp\/v2\/pages\/680\/revisions"}],"predecessor-version":[{"id":796,"href":"https:\/\/consisd.com.mx\/consisd\/wp-json\/wp\/v2\/pages\/680\/revisions\/796"}],"wp:attachment":[{"href":"https:\/\/consisd.com.mx\/consisd\/wp-json\/wp\/v2\/media?parent=680"}],"curies":[{"name":"wp","href":"https:\/\/api.w.org\/{rel}","templated":true}]}}