{"id":263,"date":"2018-07-09T18:01:18","date_gmt":"2018-07-09T18:01:18","guid":{"rendered":"https:\/\/consisd.com.mx\/consisd\/?page_id=263"},"modified":"2020-02-18T20:27:28","modified_gmt":"2020-02-18T20:27:28","slug":"productos","status":"publish","type":"page","link":"https:\/\/consisd.com.mx\/consisd\/productos\/","title":{"rendered":"Productos"},"content":{"rendered":"\t\t<div data-elementor-type=\"wp-post\" data-elementor-id=\"263\" class=\"elementor elementor-263\" data-elementor-settings=\"[]\">\n\t\t\t<div class=\"elementor-inner\">\n\t\t\t\t<div class=\"elementor-section-wrap\">\n\t\t\t\t\t\t\t<section class=\"elementor-element elementor-element-21051e97 elementor-section-boxed elementor-section-height-default elementor-section-height-default elementor-section elementor-top-section\" data-id=\"21051e97\" data-element_type=\"section\">\n\t\t\t\t\t\t<div class=\"elementor-container elementor-column-gap-default\">\n\t\t\t\t<div class=\"elementor-row\">\n\t\t\t\t<div class=\"elementor-element elementor-element-389e067a elementor-column elementor-col-100 elementor-top-column\" data-id=\"389e067a\" data-element_type=\"column\">\n\t\t\t<div class=\"elementor-column-wrap  elementor-element-populated\">\n\t\t\t\t\t<div class=\"elementor-widget-wrap\">\n\t\t\t\t<div class=\"elementor-element elementor-element-553b7b1c elementor-widget elementor-widget-text-editor\" data-id=\"553b7b1c\" data-element_type=\"widget\" data-widget_type=\"text-editor.default\">\n\t\t\t\t<div class=\"elementor-widget-container\">\n\t\t\t\t\t<div class=\"elementor-text-editor elementor-clearfix\"><\/div>\n\t\t\t\t<\/div>\n\t\t\t\t<\/div>\n\t\t\t\t<div class=\"elementor-element elementor-element-dbad95f elementor-pagination-position-outside elementor-widget elementor-widget-image-carousel\" data-id=\"dbad95f\" data-element_type=\"widget\" data-settings=\"{&quot;slides_to_scroll&quot;:&quot;3&quot;,&quot;navigation&quot;:&quot;dots&quot;,&quot;autoplay&quot;:&quot;yes&quot;,&quot;pause_on_hover&quot;:&quot;yes&quot;,&quot;pause_on_interaction&quot;:&quot;yes&quot;,&quot;autoplay_speed&quot;:5000,&quot;infinite&quot;:&quot;yes&quot;,&quot;speed&quot;:500,&quot;direction&quot;:&quot;ltr&quot;}\" data-widget_type=\"image-carousel.default\">\n\t\t\t\t<div class=\"elementor-widget-container\">\n\t\t\t\t\t<div class=\"elementor-image-carousel-wrapper swiper-container\" dir=\"ltr\">\n\t\t\t<div class=\"elementor-image-carousel swiper-wrapper\">\n\t\t\t\t<div class=\"swiper-slide\"><figure class=\"swiper-slide-inner\"><img class=\"swiper-slide-image\" src=\"https:\/\/consisd.com.mx\/consisd\/wp-content\/uploads\/2020\/02\/Logo-Sis-Ahorros-2020-150x150.png\" alt=\"Sis-Ahorros\" \/><figcaption class=\"elementor-image-carousel-caption\">Sis-Ahorros<\/figcaption><\/figure><\/div><div class=\"swiper-slide\"><figure class=\"swiper-slide-inner\"><img class=\"swiper-slide-image\" src=\"https:\/\/consisd.com.mx\/consisd\/wp-content\/uploads\/2020\/02\/Logo-Sis-Creditos-2020-800x800-1-150x150.png\" alt=\"Sis-Creditos\" \/><figcaption class=\"elementor-image-carousel-caption\">Sis-Creditos<\/figcaption><\/figure><\/div><div class=\"swiper-slide\"><figure class=\"swiper-slide-inner\"><img class=\"swiper-slide-image\" src=\"https:\/\/consisd.com.mx\/consisd\/wp-content\/uploads\/2020\/02\/Logo-PLD-150x150.png\" alt=\"PLD\" \/><figcaption class=\"elementor-image-carousel-caption\">PLD<\/figcaption><\/figure><\/div><div class=\"swiper-slide\"><figure class=\"swiper-slide-inner\"><img class=\"swiper-slide-image\" src=\"https:\/\/consisd.com.mx\/consisd\/wp-content\/uploads\/2019\/11\/Sis-Cam-150x150.png\" alt=\"Sis-Cam\" \/><figcaption class=\"elementor-image-carousel-caption\">Sis-Cam<\/figcaption><\/figure><\/div><div class=\"swiper-slide\"><figure class=\"swiper-slide-inner\"><img class=\"swiper-slide-image\" src=\"https:\/\/consisd.com.mx\/consisd\/wp-content\/uploads\/2019\/11\/Sis-Empe\u00f1os-150x150.jpg\" alt=\"Sis-Empe\u00f1os\" \/><figcaption class=\"elementor-image-carousel-caption\">Sis-Empe\u00f1os<\/figcaption><\/figure><\/div><div class=\"swiper-slide\"><figure class=\"swiper-slide-inner\"><img class=\"swiper-slide-image\" src=\"https:\/\/consisd.com.mx\/consisd\/wp-content\/uploads\/2020\/02\/Logo-Sis-Ahorros-2020-Popular-150x150.jpg\" alt=\"Sis-Ahorros Caja Popular\" \/><figcaption class=\"elementor-image-carousel-caption\">Sis-Ahorros Caja Popular<\/figcaption><\/figure><\/div><div class=\"swiper-slide\"><figure class=\"swiper-slide-inner\"><img class=\"swiper-slide-image\" src=\"https:\/\/consisd.com.mx\/consisd\/wp-content\/uploads\/2019\/11\/Sis-Spa.png\" alt=\"Sis-Empe\u00f1os\" \/><figcaption class=\"elementor-image-carousel-caption\">Sis-Empe\u00f1os<\/figcaption><\/figure><\/div>\t\t\t<\/div>\n\t\t\t\t\t\t\t\t\t\t\t\t<div class=\"swiper-pagination\"><\/div>\n\t\t\t\t\t\t\t\t\t\t\t\t\t<\/div>\n\t\t\t\t<\/div>\n\t\t\t\t<\/div>\n\t\t\t\t<div class=\"elementor-element elementor-element-87ebe2c elementor-tabs-view-horizontal elementor-widget elementor-widget-tabs\" data-id=\"87ebe2c\" data-element_type=\"widget\" data-widget_type=\"tabs.default\">\n\t\t\t\t<div class=\"elementor-widget-container\">\n\t\t\t\t\t<div class=\"elementor-tabs\" role=\"tablist\">\n\t\t\t<div class=\"elementor-tabs-wrapper\">\n\t\t\t\t\t\t\t\t\t<div id=\"elementor-tab-title-1421\" class=\"elementor-tab-title elementor-tab-desktop-title\" data-tab=\"1\" role=\"tab\" aria-controls=\"elementor-tab-content-1421\"><a href=\"\">Sis-Creditos<\/a><\/div>\n\t\t\t\t\t\t\t\t\t<div id=\"elementor-tab-title-1422\" class=\"elementor-tab-title elementor-tab-desktop-title\" data-tab=\"2\" role=\"tab\" aria-controls=\"elementor-tab-content-1422\"><a href=\"\">Sis-Ahorros<\/a><\/div>\n\t\t\t\t\t\t\t\t\t<div id=\"elementor-tab-title-1423\" class=\"elementor-tab-title elementor-tab-desktop-title\" data-tab=\"3\" role=\"tab\" aria-controls=\"elementor-tab-content-1423\"><a href=\"\">PLD<\/a><\/div>\n\t\t\t\t\t\t\t\t\t<div id=\"elementor-tab-title-1424\" class=\"elementor-tab-title elementor-tab-desktop-title\" data-tab=\"4\" role=\"tab\" aria-controls=\"elementor-tab-content-1424\"><a href=\"\">Sis-Empe\u00f1os<\/a><\/div>\n\t\t\t\t\t\t\t\t\t<div id=\"elementor-tab-title-1425\" class=\"elementor-tab-title elementor-tab-desktop-title\" data-tab=\"5\" role=\"tab\" aria-controls=\"elementor-tab-content-1425\"><a href=\"\">Sis-Cam<\/a><\/div>\n\t\t\t\t\t\t\t<\/div>\n\t\t\t<div class=\"elementor-tabs-content-wrapper\">\n\t\t\t\t\t\t\t\t\t<div class=\"elementor-tab-title elementor-tab-mobile-title\" data-tab=\"1\" role=\"tab\">Sis-Creditos<\/div>\n\t\t\t\t\t<div id=\"elementor-tab-content-1421\" class=\"elementor-tab-content elementor-clearfix\" data-tab=\"1\" role=\"tabpanel\" aria-labelledby=\"elementor-tab-title-1421\"><p><img loading=\"lazy\" class=\"size-full wp-image-829 aligncenter\" src=\"https:\/\/consisd.com.mx\/consisd\/wp-content\/uploads\/2020\/02\/Logo-Sis-Creditos-2020-800x800-1.png\" alt=\"\" width=\"200\" height=\"200\" srcset=\"https:\/\/consisd.com.mx\/consisd\/wp-content\/uploads\/2020\/02\/Logo-Sis-Creditos-2020-800x800-1.png 800w, https:\/\/consisd.com.mx\/consisd\/wp-content\/uploads\/2020\/02\/Logo-Sis-Creditos-2020-800x800-1-300x300.png 300w, https:\/\/consisd.com.mx\/consisd\/wp-content\/uploads\/2020\/02\/Logo-Sis-Creditos-2020-800x800-1-150x150.png 150w, https:\/\/consisd.com.mx\/consisd\/wp-content\/uploads\/2020\/02\/Logo-Sis-Creditos-2020-800x800-1-768x768.png 768w, https:\/\/consisd.com.mx\/consisd\/wp-content\/uploads\/2020\/02\/Logo-Sis-Creditos-2020-800x800-1-230x230.png 230w, https:\/\/consisd.com.mx\/consisd\/wp-content\/uploads\/2020\/02\/Logo-Sis-Creditos-2020-800x800-1-350x350.png 350w, https:\/\/consisd.com.mx\/consisd\/wp-content\/uploads\/2020\/02\/Logo-Sis-Creditos-2020-800x800-1-480x480.png 480w\" sizes=\"(max-width: 200px) 100vw, 200px\" \/><\/p><p style=\"text-align: center;\">SIS-CR\u00c9DITOS la herramienta que te ayudar\u00e1 a Controlar tu operaci\u00f3n y al Cumplimiento con las Autoridades. TODO en un mismo sitio<\/p><p style=\"text-align: center;\">En CONSISD, Encontrar\u00e1s un aliado de tu operaci\u00f3n, pues, a trav\u00e9s de SIS-CR\u00c9DITOS podr\u00e1s tener un control total de la misma.<\/p><p style=\"text-align: center;\">Contamos con la\u00a0experiencia\u00a0para colaborar con tu Empresa mejorando tu Sistema de Administraci\u00f3n actual de tu cartera.<\/p><p style=\"text-align: center;\">Contamos con el equipo necesario para traducir a cada una de nuestras \u00e1reas tu necesidad, con la finalidad de no complicar la experiencia de la Implementation, haciendo que la experiencia de la migraci\u00f3n e Implementation sea relajada y sin contratiempos.<\/p><p style=\"text-align: center;\">(Sabemos que no siempre cuentas con el recurso T\u00e9cnico por lo que est\u00e1s\u00a0cubierto con una p\u00f3liza de 12 meses de soporte t\u00e9cnico).<\/p><p>Sis-Cr\u00e9ditos cubre los siguientes procesos generales:<\/p><ol><li>Conoce a tu cliente, creando una solicitud<\/li><li>Da seguimiento puntual a tu solicitud<\/li><li>Administra tus documentos de expediente electr\u00f3nico<\/li><li>Cumple con las disposiciones PLD<\/li><li>Autoriza tu cr\u00e9dito<\/li><li>Realiza tu dispersi\u00f3n<\/li><li>Abona a tus cr\u00e9ditos<\/li><li>Genera Layout para la autoridad<\/li><li>Genera reporte de Bur\u00f3 y Circulo de cr\u00e9dito en un clic<\/li><li>Administra tus alertas de PLD<\/li><li>Genera reportes<\/li><li>Genera tus P\u00f3lizas Contables<\/li><\/ol><h4 style=\"text-align: center;\"><a href=\"https:\/\/consisd.com.mx\/consisd\/sis-creditos\/\">Ver Mas&#8230;.<\/a><img loading=\"lazy\" class=\"alignnone size-full wp-image-943\" src=\"https:\/\/consisd.com.mx\/consisd\/wp-content\/uploads\/2020\/02\/Diagrama-General-Ligero.jpg\" alt=\"\" width=\"1920\" height=\"1080\" srcset=\"https:\/\/consisd.com.mx\/consisd\/wp-content\/uploads\/2020\/02\/Diagrama-General-Ligero.jpg 1920w, https:\/\/consisd.com.mx\/consisd\/wp-content\/uploads\/2020\/02\/Diagrama-General-Ligero-300x169.jpg 300w, https:\/\/consisd.com.mx\/consisd\/wp-content\/uploads\/2020\/02\/Diagrama-General-Ligero-1024x576.jpg 1024w, https:\/\/consisd.com.mx\/consisd\/wp-content\/uploads\/2020\/02\/Diagrama-General-Ligero-768x432.jpg 768w, https:\/\/consisd.com.mx\/consisd\/wp-content\/uploads\/2020\/02\/Diagrama-General-Ligero-1536x864.jpg 1536w, https:\/\/consisd.com.mx\/consisd\/wp-content\/uploads\/2020\/02\/Diagrama-General-Ligero-830x467.jpg 830w, https:\/\/consisd.com.mx\/consisd\/wp-content\/uploads\/2020\/02\/Diagrama-General-Ligero-230x129.jpg 230w, https:\/\/consisd.com.mx\/consisd\/wp-content\/uploads\/2020\/02\/Diagrama-General-Ligero-350x197.jpg 350w, https:\/\/consisd.com.mx\/consisd\/wp-content\/uploads\/2020\/02\/Diagrama-General-Ligero-480x270.jpg 480w\" sizes=\"(max-width: 1920px) 100vw, 1920px\" \/><img loading=\"lazy\" class=\"alignnone size-full wp-image-944\" src=\"https:\/\/consisd.com.mx\/consisd\/wp-content\/uploads\/2020\/02\/Diagrama-General-PLD-2020-Ligero-scaled.jpg\" alt=\"\" width=\"2560\" height=\"1350\" srcset=\"https:\/\/consisd.com.mx\/consisd\/wp-content\/uploads\/2020\/02\/Diagrama-General-PLD-2020-Ligero-scaled.jpg 2560w, https:\/\/consisd.com.mx\/consisd\/wp-content\/uploads\/2020\/02\/Diagrama-General-PLD-2020-Ligero-300x158.jpg 300w, https:\/\/consisd.com.mx\/consisd\/wp-content\/uploads\/2020\/02\/Diagrama-General-PLD-2020-Ligero-1024x540.jpg 1024w, https:\/\/consisd.com.mx\/consisd\/wp-content\/uploads\/2020\/02\/Diagrama-General-PLD-2020-Ligero-768x405.jpg 768w, https:\/\/consisd.com.mx\/consisd\/wp-content\/uploads\/2020\/02\/Diagrama-General-PLD-2020-Ligero-1536x810.jpg 1536w, https:\/\/consisd.com.mx\/consisd\/wp-content\/uploads\/2020\/02\/Diagrama-General-PLD-2020-Ligero-2048x1080.jpg 2048w, https:\/\/consisd.com.mx\/consisd\/wp-content\/uploads\/2020\/02\/Diagrama-General-PLD-2020-Ligero-830x438.jpg 830w, https:\/\/consisd.com.mx\/consisd\/wp-content\/uploads\/2020\/02\/Diagrama-General-PLD-2020-Ligero-230x121.jpg 230w, https:\/\/consisd.com.mx\/consisd\/wp-content\/uploads\/2020\/02\/Diagrama-General-PLD-2020-Ligero-350x185.jpg 350w, https:\/\/consisd.com.mx\/consisd\/wp-content\/uploads\/2020\/02\/Diagrama-General-PLD-2020-Ligero-480x253.jpg 480w\" sizes=\"(max-width: 2560px) 100vw, 2560px\" \/><\/h4><\/div>\n\t\t\t\t\t\t\t\t\t<div class=\"elementor-tab-title elementor-tab-mobile-title\" data-tab=\"2\" role=\"tab\">Sis-Ahorros<\/div>\n\t\t\t\t\t<div id=\"elementor-tab-content-1422\" class=\"elementor-tab-content elementor-clearfix\" data-tab=\"2\" role=\"tabpanel\" aria-labelledby=\"elementor-tab-title-1422\"><img loading=\"lazy\" class=\"size-full wp-image-823 aligncenter\" src=\"https:\/\/consisd.com.mx\/consisd\/wp-content\/uploads\/2020\/02\/Logo-Sis-Ahorros-2020.png\" alt=\"\" width=\"200\" height=\"200\" srcset=\"https:\/\/consisd.com.mx\/consisd\/wp-content\/uploads\/2020\/02\/Logo-Sis-Ahorros-2020.png 800w, https:\/\/consisd.com.mx\/consisd\/wp-content\/uploads\/2020\/02\/Logo-Sis-Ahorros-2020-300x300.png 300w, https:\/\/consisd.com.mx\/consisd\/wp-content\/uploads\/2020\/02\/Logo-Sis-Ahorros-2020-150x150.png 150w, https:\/\/consisd.com.mx\/consisd\/wp-content\/uploads\/2020\/02\/Logo-Sis-Ahorros-2020-768x768.png 768w, https:\/\/consisd.com.mx\/consisd\/wp-content\/uploads\/2020\/02\/Logo-Sis-Ahorros-2020-230x230.png 230w, https:\/\/consisd.com.mx\/consisd\/wp-content\/uploads\/2020\/02\/Logo-Sis-Ahorros-2020-350x350.png 350w, https:\/\/consisd.com.mx\/consisd\/wp-content\/uploads\/2020\/02\/Logo-Sis-Ahorros-2020-480x480.png 480w\" sizes=\"(max-width: 200px) 100vw, 200px\" \/>\n<ul>\n \t<li><strong>Es un sistema desarrollado especialmente para la operaci\u00f3n y administraci\u00f3n de Cajas de Ahorro Populares.<\/strong><\/li>\n \t<li><strong>Sistema Multiusuario<\/strong><\/li>\n \t<li><strong>Se manejan perfiles de usuario, para brindarles una mejor administraci\u00f3n de los privilegios otorgados.<\/strong><\/li>\n \t<li><strong>Existen diversos cat\u00e1logos, lo que nos permite dejar abierto el sistema para que sea configurable por el usuario.<\/strong><\/li>\n \t<li><strong>Todas las operaciones que se realizan tienen una l\u00f3gica de operaci\u00f3n, lo que nos permite asegurar que todos los movimientos cuadran.<\/strong><\/li>\n \t<li><strong>Se guarda una bit\u00e1cora que registra todas las operaciones del sistema.<\/strong><\/li>\n<\/ul>\n<h4 style=\"text-align: center;\"><a href=\"https:\/\/consisd.com.mx\/consisd\/sis-ahorros-2\/\">Ver Mas<\/a>&#8230;.<\/h4><\/div>\n\t\t\t\t\t\t\t\t\t<div class=\"elementor-tab-title elementor-tab-mobile-title\" data-tab=\"3\" role=\"tab\">PLD<\/div>\n\t\t\t\t\t<div id=\"elementor-tab-content-1423\" class=\"elementor-tab-content elementor-clearfix\" data-tab=\"3\" role=\"tabpanel\" aria-labelledby=\"elementor-tab-title-1423\"><p><img loading=\"lazy\" class=\"size-full wp-image-828 aligncenter\" src=\"https:\/\/consisd.com.mx\/consisd\/wp-content\/uploads\/2020\/02\/Logo-PLD.png\" alt=\"\" width=\"200\" height=\"200\" srcset=\"https:\/\/consisd.com.mx\/consisd\/wp-content\/uploads\/2020\/02\/Logo-PLD.png 1000w, https:\/\/consisd.com.mx\/consisd\/wp-content\/uploads\/2020\/02\/Logo-PLD-300x300.png 300w, https:\/\/consisd.com.mx\/consisd\/wp-content\/uploads\/2020\/02\/Logo-PLD-150x150.png 150w, https:\/\/consisd.com.mx\/consisd\/wp-content\/uploads\/2020\/02\/Logo-PLD-768x768.png 768w, https:\/\/consisd.com.mx\/consisd\/wp-content\/uploads\/2020\/02\/Logo-PLD-830x830.png 830w, https:\/\/consisd.com.mx\/consisd\/wp-content\/uploads\/2020\/02\/Logo-PLD-230x230.png 230w, https:\/\/consisd.com.mx\/consisd\/wp-content\/uploads\/2020\/02\/Logo-PLD-350x350.png 350w, https:\/\/consisd.com.mx\/consisd\/wp-content\/uploads\/2020\/02\/Logo-PLD-480x480.png 480w\" sizes=\"(max-width: 200px) 100vw, 200px\" \/><\/p><h2 style=\"text-align: center;\">Sistema de Prevencion de Lavado de Dinero<\/h2><h4 style=\"text-align: center;\"><a href=\"https:\/\/consisd.com.mx\/consisd\/pld\/\">Ver Mas&#8230;.<\/a><\/h4><\/div>\n\t\t\t\t\t\t\t\t\t<div class=\"elementor-tab-title elementor-tab-mobile-title\" data-tab=\"4\" role=\"tab\">Sis-Empe\u00f1os<\/div>\n\t\t\t\t\t<div id=\"elementor-tab-content-1424\" class=\"elementor-tab-content elementor-clearfix\" data-tab=\"4\" role=\"tabpanel\" aria-labelledby=\"elementor-tab-title-1424\"><img loading=\"lazy\" class=\"size-full wp-image-733 aligncenter\" src=\"https:\/\/consisd.com.mx\/consisd\/wp-content\/uploads\/2019\/11\/Sis-Empe\u00f1os.jpg\" alt=\"\" width=\"200\" height=\"200\" srcset=\"https:\/\/consisd.com.mx\/consisd\/wp-content\/uploads\/2019\/11\/Sis-Empe\u00f1os.jpg 400w, https:\/\/consisd.com.mx\/consisd\/wp-content\/uploads\/2019\/11\/Sis-Empe\u00f1os-150x150.jpg 150w, https:\/\/consisd.com.mx\/consisd\/wp-content\/uploads\/2019\/11\/Sis-Empe\u00f1os-300x300.jpg 300w, https:\/\/consisd.com.mx\/consisd\/wp-content\/uploads\/2019\/11\/Sis-Empe\u00f1os-230x230.jpg 230w, https:\/\/consisd.com.mx\/consisd\/wp-content\/uploads\/2019\/11\/Sis-Empe\u00f1os-350x350.jpg 350w\" sizes=\"(max-width: 200px) 100vw, 200px\" \/>\n<ul>\n \t<li><strong>Es un sistema desarrollado para la operaci\u00f3n y administraci\u00f3n de empresas que se dediquen al otorgamiento de Pr\u00e9stamos Prendarios y \/ o Pr\u00e9stamos <\/strong><\/li>\n<\/ul>\n<h4 style=\"text-align: center;\"><a href=\"https:\/\/consisd.com.mx\/consisd\/sis-empenos-2\/\">Ver Mas&#8230;.<\/a><\/h4><\/div>\n\t\t\t\t\t\t\t\t\t<div class=\"elementor-tab-title elementor-tab-mobile-title\" data-tab=\"5\" role=\"tab\">Sis-Cam<\/div>\n\t\t\t\t\t<div id=\"elementor-tab-content-1425\" class=\"elementor-tab-content elementor-clearfix\" data-tab=\"5\" role=\"tabpanel\" aria-labelledby=\"elementor-tab-title-1425\"><p><img loading=\"lazy\" class=\"size-full wp-image-731 aligncenter\" src=\"https:\/\/consisd.com.mx\/consisd\/wp-content\/uploads\/2019\/11\/Sis-Cam.png\" alt=\"\" width=\"200\" height=\"200\" srcset=\"https:\/\/consisd.com.mx\/consisd\/wp-content\/uploads\/2019\/11\/Sis-Cam.png 217w, https:\/\/consisd.com.mx\/consisd\/wp-content\/uploads\/2019\/11\/Sis-Cam-150x150.png 150w\" sizes=\"(max-width: 200px) 100vw, 200px\" \/><\/p><p><strong>El Sis-Cam \u00a0es un sistema dirigido a Centros Cambiarios y Dispersores de Env\u00edos (Remesas) preocupados por cumplir con sus obligaciones.<\/strong><\/p><p><strong>El Sis-Cam \u00a0les brinda las herramientas necesarias para obtener un control total de sus operaciones y la informaci\u00f3n adecuada (consulta y reportes) para cumplir con los requerimientos legales.<\/strong><\/p><p><strong>La estructura del Sis-Cam le permite adicionar el M\u00f3dulo de Extracci\u00f3n Contable.<\/strong><\/p><p>\u00a0<\/p><h4 style=\"text-align: center;\"><a href=\"https:\/\/consisd.com.mx\/consisd\/sis-cam-2\/\">Ver Mas&#8230;.<\/a><\/h4><\/div>\n\t\t\t\t\t\t\t<\/div>\n\t\t<\/div>\n\t\t\t\t<\/div>\n\t\t\t\t<\/div>\n\t\t\t\t\t\t<\/div>\n\t\t\t<\/div>\n\t\t<\/div>\n\t\t\t\t\t\t<\/div>\n\t\t\t<\/div>\n\t\t<\/section>\n\t\t\t\t\t\t<\/div>\n\t\t\t<\/div>\n\t\t<\/div>\n\t\t","protected":false},"excerpt":{"rendered":"<p>Sis-Ahorros Sis-Creditos PLD Sis-Cam Sis-Empe\u00f1os Sis-Ahorros Caja Popular Sis-Empe\u00f1os Sis-Creditos Sis-Ahorros PLD Sis-Empe\u00f1os Sis-Cam Sis-Creditos SIS-CR\u00c9DITOS la herramienta que te ayudar\u00e1 a Controlar tu operaci\u00f3n y al Cumplimiento con las Autoridades. TODO en un mismo sitio En CONSISD, Encontrar\u00e1s un aliado de tu operaci\u00f3n, pues, a trav\u00e9s de SIS-CR\u00c9DITOS podr\u00e1s tener un control total de [&hellip;]<\/p>\n","protected":false},"author":1,"featured_media":621,"parent":0,"menu_order":0,"comment_status":"closed","ping_status":"closed","template":"","meta":[],"_links":{"self":[{"href":"https:\/\/consisd.com.mx\/consisd\/wp-json\/wp\/v2\/pages\/263"}],"collection":[{"href":"https:\/\/consisd.com.mx\/consisd\/wp-json\/wp\/v2\/pages"}],"about":[{"href":"https:\/\/consisd.com.mx\/consisd\/wp-json\/wp\/v2\/types\/page"}],"author":[{"embeddable":true,"href":"https:\/\/consisd.com.mx\/consisd\/wp-json\/wp\/v2\/users\/1"}],"replies":[{"embeddable":true,"href":"https:\/\/consisd.com.mx\/consisd\/wp-json\/wp\/v2\/comments?post=263"}],"version-history":[{"count":20,"href":"https:\/\/consisd.com.mx\/consisd\/wp-json\/wp\/v2\/pages\/263\/revisions"}],"predecessor-version":[{"id":946,"href":"https:\/\/consisd.com.mx\/consisd\/wp-json\/wp\/v2\/pages\/263\/revisions\/946"}],"wp:featuredmedia":[{"embeddable":true,"href":"https:\/\/consisd.com.mx\/consisd\/wp-json\/wp\/v2\/media\/621"}],"wp:attachment":[{"href":"https:\/\/consisd.com.mx\/consisd\/wp-json\/wp\/v2\/media?parent=263"}],"curies":[{"name":"wp","href":"https:\/\/api.w.org\/{rel}","templated":true}]}}