{"id":21,"date":"2018-06-14T23:23:14","date_gmt":"2018-06-14T23:23:14","guid":{"rendered":"https:\/\/consisd.com.mx\/siscreditos\/?page_id=21"},"modified":"2019-11-05T16:41:08","modified_gmt":"2019-11-05T16:41:08","slug":"consisd-desarrollo","status":"publish","type":"page","link":"https:\/\/consisd.com.mx\/consisd\/consisd-desarrollo\/","title":{"rendered":"Consisd"},"content":{"rendered":"\t\t<div data-elementor-type=\"wp-post\" data-elementor-id=\"21\" class=\"elementor elementor-21\" data-elementor-settings=\"[]\">\n\t\t\t<div class=\"elementor-inner\">\n\t\t\t\t<div class=\"elementor-section-wrap\">\n\t\t\t\t\t\t\t<section class=\"elementor-element elementor-element-1e334e4c elementor-section-boxed elementor-section-height-default elementor-section-height-default elementor-section elementor-top-section\" data-id=\"1e334e4c\" data-element_type=\"section\">\n\t\t\t\t\t\t<div class=\"elementor-container elementor-column-gap-default\">\n\t\t\t\t<div class=\"elementor-row\">\n\t\t\t\t<div class=\"elementor-element elementor-element-1346bc19 elementor-column elementor-col-100 elementor-top-column\" data-id=\"1346bc19\" data-element_type=\"column\">\n\t\t\t<div class=\"elementor-column-wrap  elementor-element-populated\">\n\t\t\t\t\t<div class=\"elementor-widget-wrap\">\n\t\t\t\t<div class=\"elementor-element elementor-element-28554e35 elementor-widget elementor-widget-text-editor\" data-id=\"28554e35\" data-element_type=\"widget\" data-widget_type=\"text-editor.default\">\n\t\t\t\t<div class=\"elementor-widget-container\">\n\t\t\t\t\t<div class=\"elementor-text-editor elementor-clearfix\"><p><a role=\"button\" href=\"https:\/\/consisd.com.mx\/consisd\/\"><br \/>Inicio<br \/><\/a><\/p><p><style type=\"text\/css\">@media only screen and (min-width: 1000px) and (max-width: 5000px){body.kc-css-system .kc-css-3478430{width: 20%;}body.kc-css-system .kc-css-3838752{width: 20%;}body.kc-css-system .kc-css-3412607{width: 20%;}body.kc-css-system .kc-css-3062451{width: 20%;}body.kc-css-system .kc-css-487011{width: 20%;}}body.kc-css-system .kc-css-1181307 ,body.kc-css-system .kc-css-1181307 p{font-family: Bree Serif;font-size: 16px;}<\/style><\/p><h1 style=\"text-align: center;\">Consisd<\/h1><h1 style=\"text-align: center;\">Quienes somos.<\/h1><p>CONSISD empresa\u00a0 especializada en el desarrollo de Sistemas funcionales para cubrir las necesidades de Registro, Control, Operaci\u00f3n, Cumplimiento de cada uno de nuestros CLIENTES.<\/p><p>Porque consideramos al capital humano como el m\u00e1s importante, motivo por el cual nos hemos rodeado de profesionales especializados en diferentes \u00e1reas y\u00a0 nos enfocamos en desarrollar herramientas realmente funcionales y adaptables a tus necesidades, apoyando en procesos de operaci\u00f3n y cumplimiento.<\/p><p>Nuestros servicios y productos est\u00e1n enfocados a satisfacer y cumplir con calidad las necesidades de nuestros CLIENTES y es por eso que desde hace m\u00e1s de 19 a\u00f1os, CONSISD se fortalece y crece al ganar la confianza de m\u00e1s CLIENTES\u00a0 y logrando la permanencia de los que ya conf\u00edan en nuestras herramientas.<\/p><p>CONSISD se distingue por su capacidad t\u00e9cnica y de generar aplicaciones amigables y eficientes enfocadas al Sector Financiero, principalmente a Sociedades de Objeto M\u00faltiple ( SOFOM ) <u><a style=\"color: #0000ff;\" href=\"https:\/\/consisd.com.mx\/consisd\/sis-creditos\/\">SIS-CR\u00c9DITOS<\/a><\/u>.\u00a0<\/p><p>Todos los d\u00edas creamos nuevas herramientas para integrar a nuestras aplicaciones, con base en las necesidades que detectamos en nuestros CLIENTES.<\/p><p>Contamos con cobertura a nivel nacional y cubrimos todos los segmentos empresariales, micro, peque\u00f1a, mediana y gran empresa, perm\u00edtenos conocer tu negocio y as\u00ed sumar valor a tu empresa con nuestras herramientas y aplicaciones.<\/p><h2>\u00a0<\/h2><h2 style=\"text-align: center;\">\u00bfPor qu\u00e9 CONSISD?<\/h2><h4>Nuestras herramientas son las m\u00e1s completas del mercado y nuestros sistemas modulares permiten dar como resultado una soluci\u00f3n adecuada a tus necesidades y presupuestos.<\/h4><p><a role=\"button\" href=\"https:\/\/www.facebook.com\/gconsisd\"><br \/>Nosotros en Facebook<br \/><\/a><\/p><\/div>\n\t\t\t\t<\/div>\n\t\t\t\t<\/div>\n\t\t\t\t\t\t<\/div>\n\t\t\t<\/div>\n\t\t<\/div>\n\t\t\t\t\t\t<\/div>\n\t\t\t<\/div>\n\t\t<\/section>\n\t\t\t\t\t\t<\/div>\n\t\t\t<\/div>\n\t\t<\/div>\n\t\t","protected":false},"excerpt":{"rendered":"<p>Inicio Consisd Quienes somos. CONSISD empresa\u00a0 especializada en el desarrollo de Sistemas funcionales para cubrir las necesidades de Registro, Control, Operaci\u00f3n, Cumplimiento de cada uno de nuestros CLIENTES. Porque consideramos al capital humano como el m\u00e1s importante, motivo por el cual nos hemos rodeado de profesionales especializados en diferentes \u00e1reas y\u00a0 nos enfocamos en desarrollar [&hellip;]<\/p>\n","protected":false},"author":1,"featured_media":507,"parent":0,"menu_order":0,"comment_status":"closed","ping_status":"closed","template":"","meta":[],"_links":{"self":[{"href":"https:\/\/consisd.com.mx\/consisd\/wp-json\/wp\/v2\/pages\/21"}],"collection":[{"href":"https:\/\/consisd.com.mx\/consisd\/wp-json\/wp\/v2\/pages"}],"about":[{"href":"https:\/\/consisd.com.mx\/consisd\/wp-json\/wp\/v2\/types\/page"}],"author":[{"embeddable":true,"href":"https:\/\/consisd.com.mx\/consisd\/wp-json\/wp\/v2\/users\/1"}],"replies":[{"embeddable":true,"href":"https:\/\/consisd.com.mx\/consisd\/wp-json\/wp\/v2\/comments?post=21"}],"version-history":[{"count":3,"href":"https:\/\/consisd.com.mx\/consisd\/wp-json\/wp\/v2\/pages\/21\/revisions"}],"predecessor-version":[{"id":720,"href":"https:\/\/consisd.com.mx\/consisd\/wp-json\/wp\/v2\/pages\/21\/revisions\/720"}],"wp:featuredmedia":[{"embeddable":true,"href":"https:\/\/consisd.com.mx\/consisd\/wp-json\/wp\/v2\/media\/507"}],"wp:attachment":[{"href":"https:\/\/consisd.com.mx\/consisd\/wp-json\/wp\/v2\/media?parent=21"}],"curies":[{"name":"wp","href":"https:\/\/api.w.org\/{rel}","templated":true}]}}