{"id":20,"date":"2018-06-14T23:23:14","date_gmt":"2018-06-14T23:23:14","guid":{"rendered":"https:\/\/consisd.com.mx\/siscreditos\/?page_id=20"},"modified":"2019-11-19T23:58:08","modified_gmt":"2019-11-19T23:58:08","slug":"consisd","status":"publish","type":"page","link":"https:\/\/consisd.com.mx\/consisd\/","title":{"rendered":"Inicio"},"content":{"rendered":"\t\t<div data-elementor-type=\"wp-post\" data-elementor-id=\"20\" class=\"elementor elementor-20\" data-elementor-settings=\"[]\">\n\t\t\t<div class=\"elementor-inner\">\n\t\t\t\t<div class=\"elementor-section-wrap\">\n\t\t\t\t\t\t\t<section class=\"elementor-element elementor-element-4873492a elementor-section-boxed elementor-section-height-default elementor-section-height-default elementor-section elementor-top-section\" data-id=\"4873492a\" data-element_type=\"section\">\n\t\t\t\t\t\t<div class=\"elementor-container elementor-column-gap-default\">\n\t\t\t\t<div class=\"elementor-row\">\n\t\t\t\t<div class=\"elementor-element elementor-element-2a2d33c4 elementor-column elementor-col-100 elementor-top-column\" data-id=\"2a2d33c4\" data-element_type=\"column\">\n\t\t\t<div class=\"elementor-column-wrap  elementor-element-populated\">\n\t\t\t\t\t<div class=\"elementor-widget-wrap\">\n\t\t\t\t<div class=\"elementor-element elementor-element-d2cb753 elementor-widget elementor-widget-text-editor\" data-id=\"d2cb753\" data-element_type=\"widget\" data-widget_type=\"text-editor.default\">\n\t\t\t\t<div class=\"elementor-widget-container\">\n\t\t\t\t\t<div class=\"elementor-text-editor elementor-clearfix\"><p><style type=\"text\/css\">\ufeff\ufeffbody.kc-\ufeffcss-system .kc-css-1052735 ,body.kc-css-system .kc-css-1052735 p{color: #000000;font-family: Josefin Sans;font-size: 50px;text-align: center;}body.kc-css-system .kc-css-2446031 .front i{color: #ffa41c;width: -17px;height: -26px;font-size: 64px;line-height: 11px;}body.kc-css-system .kc-css-2446031 .back i{color: #ffa70f;background-color: #fffcfd;}<\/style><\/p><section><h2 style=\"text-align: center;\">\u00a0<\/h2><\/section><h1 style=\"margin-bottom: 8.0pt; text-align: center; line-height: 107%;\" align=\"center\"><b>Bienvenido.<\/b><\/h1><h2 style=\"margin-bottom: 8.0pt; text-align: center; line-height: 107%;\"><strong>CONSISD<\/strong><\/h2><p style=\"text-align: justify; line-height: 107%;\">Es una empresa con experiencia de m\u00e1s de 18 a\u00f1os, dedicada al Desarrollo de Herramientas enfocadas en el control de la operaci\u00f3n, as\u00ed como en la explotaci\u00f3n de la informaci\u00f3n, adem\u00e1s de contribuir\u00a0 en el \u00a0Cumplimiento de las Disposiciones que marca la Ley.<\/p><p style=\"text-align: justify; line-height: 107%;\">En primer lugar y como una de sus principales Aplicaciones se encuentra el <a href=\"https:\/\/consisd.com.mx\/consisd\/sis-creditos\/\">Sis-Cr\u00e9ditos<\/a>, sistema de control de cartera dirigido especialmente a SOFOM, con las siguientes caracter\u00edsticas:<\/p><ul><li style=\"text-align: justify; text-indent: -18pt; line-height: 107%;\">\u00a0 Herramienta desarrollada especialmente para la operaci\u00f3n y administraci\u00f3n de SOCIEDADES FINANCIERAS o Empresas que se dediquen al otorgamiento de cr\u00e9ditos, en cualquiera de sus modalidades.<\/li><li>Ofrece apoyo total para el Registro y Control en la Administraci\u00f3n de Cartera.<\/li><li>\u00a0Tambien te lleva de la mano para\u00a0 cubrir las Disposiciones en materia de <a href=\"https:\/\/consisd.com.mx\/consisd\/pld\/\">PLD<\/a> dentro de la misma herramienta, sin tener que estar realizando procesos adicionales.<\/li><li>\u00a0As\u00ed mismo genera la documentaci\u00f3n necesaria para cubrir requerimientos de la CONDUSEF.<\/li><li>Ademas de facilitar la generaci\u00f3n de informaci\u00f3n para reportar su cartera a las Sociedades de Informaci\u00f3n Crediticia ( Bur\u00f3 y Circulo de Cr\u00e9dito).<\/li><li><!--[endif]-->A trav\u00e9s del <a href=\"https:\/\/consisd.com.mx\/consisd\/sis-creditos\/\">Sis-Cr\u00e9ditos<\/a>, puedes llevar el control total de:<\/li><\/ul><table border=\"1\"><tbody><tr><th><h3><b>Fondeo<\/b><\/h3><\/th><th><h3><b>Dispersi\u00f3n<\/b><\/h3><\/th><\/tr><tr><th>Inversionistas<\/th><th><h4><b>Cr\u00e9dito Simple<\/b><\/h4><ul><li>Personales<\/li><li>Descuento V\u00eda N\u00f3mina<\/li><li>A Grupos Solidarios<\/li><li>PyME<\/li><li>MyPyME<\/li><li>Garant\u00eda prendaria\/Automotriz\/Hipotecaria<\/li><\/ul><\/th><\/tr><tr><th>Instituciones de Fondeo<\/th><th><h4><b>L\u00edneas de Cr\u00e9dito<\/b><\/h4><ul><li>Control por Disposici\u00f3n<\/li><li>Cuenta Corriente<\/li><\/ul><\/th><\/tr><tr><th>\u00a0<\/th><th><h4><b>Arrendamiento<\/b><\/h4><ul><li>Puro<\/li><li>Financiero<\/li><\/ul><\/th><\/tr><tr><th>\u00a0<\/th><th><h4><b>Factoraje<\/b><\/h4><ul><li>Clientes<\/li><li>Proveedores<\/li><\/ul><\/th><\/tr><\/tbody><\/table><\/div>\n\t\t\t\t<\/div>\n\t\t\t\t<\/div>\n\t\t\t\t<div class=\"elementor-element elementor-element-6016ab8 elementor-widget elementor-widget-text-editor\" data-id=\"6016ab8\" data-element_type=\"widget\" data-widget_type=\"text-editor.default\">\n\t\t\t\t<div class=\"elementor-widget-container\">\n\t\t\t\t\t<div class=\"elementor-text-editor elementor-clearfix\"><figure><a href=\"https:\/\/consisd.com.mx\/consisd\/sis-creditos\/\"><img loading=\"lazy\" class=\"aligncenter\" src=\"https:\/\/consisd.com.mx\/consisd\/wp-content\/uploads\/2019\/08\/images.jpg\" alt=\"\" width=\"300\" height=\"168\" \/><\/a><\/figure><h2 style=\"text-align: center;\"><a href=\"https:\/\/consisd.com.mx\/consisd\/sis-creditos\/\">PLD<\/a><\/h2><p align=\"Justify\">Si NO cuentas con una Herramienta para cubrir las Disposiciones en materia de <a href=\"https:\/\/consisd.com.mx\/consisd\/pld\/\">PLD<\/a> (Prevenci\u00f3n de Lavado de Dinero) o tu Sistema actual no cumple con los requerimientos que necesitas o que marca la ley, CONSISD te invita a conocer nuestra aplicaci\u00f3n \u201c<a href=\"https:\/\/consisd.com.mx\/consisd\/sis-creditos\/\">Sis-Cr\u00e9ditos<\/a>\u201d, la herramienta con la que podr\u00e1s cubrir de forma eficiente, funcional y acorde a la ley con todos tus requerimientos en el tema <a href=\"https:\/\/consisd.com.mx\/consisd\/pld\/\">PLD<\/a> y administraci\u00f3n de tu Cartera<\/p><h3 style=\"text-align: center;\" data-elementor-setting-key=\"title_text\" data-elementor-inline-editing-toolbar=\"none\" data-pen-placeholder=\"Teclea aqu\u00ed...\">Sociedades de Informaci\u00f3n Crediticia<\/h3><p>Consulta autom\u00e1tica a las Bases de Datos de Bur\u00f3 de Cr\u00e9dito o Circulo de Cr\u00e9dito y generaci\u00f3n de los reportes correspondientes.<a href=\"http:\/\/www.burodecredito.com.mx\/blog.html\" data-elementor-open-lightbox=\"\"><br \/><\/a><\/p><\/div>\n\t\t\t\t<\/div>\n\t\t\t\t<\/div>\n\t\t\t\t<section class=\"elementor-element elementor-element-0168a12 elementor-section-boxed elementor-section-height-default elementor-section-height-default elementor-section elementor-inner-section\" data-id=\"0168a12\" data-element_type=\"section\">\n\t\t\t\t\t\t<div class=\"elementor-container elementor-column-gap-default\">\n\t\t\t\t<div class=\"elementor-row\">\n\t\t\t\t<div class=\"elementor-element elementor-element-d84ea80 elementor-column elementor-col-50 elementor-inner-column\" data-id=\"d84ea80\" data-element_type=\"column\">\n\t\t\t<div class=\"elementor-column-wrap  elementor-element-populated\">\n\t\t\t\t\t<div class=\"elementor-widget-wrap\">\n\t\t\t\t<div class=\"elementor-element elementor-element-bbb732a elementor-widget elementor-widget-image\" data-id=\"bbb732a\" data-element_type=\"widget\" data-widget_type=\"image.default\">\n\t\t\t\t<div class=\"elementor-widget-container\">\n\t\t\t\t\t<div class=\"elementor-image\">\n\t\t\t\t\t\t\t\t\t\t\t<a href=\"http:\/\/www.burodecredito.com.mx\">\n\t\t\t\t\t\t\t<img width=\"512\" height=\"512\" src=\"https:\/\/consisd.com.mx\/consisd\/wp-content\/uploads\/2019\/11\/K_RvU6Ie.jpg\" class=\"attachment-large size-large\" alt=\"\" loading=\"lazy\" srcset=\"https:\/\/consisd.com.mx\/consisd\/wp-content\/uploads\/2019\/11\/K_RvU6Ie.jpg 512w, https:\/\/consisd.com.mx\/consisd\/wp-content\/uploads\/2019\/11\/K_RvU6Ie-150x150.jpg 150w, https:\/\/consisd.com.mx\/consisd\/wp-content\/uploads\/2019\/11\/K_RvU6Ie-300x300.jpg 300w, https:\/\/consisd.com.mx\/consisd\/wp-content\/uploads\/2019\/11\/K_RvU6Ie-230x230.jpg 230w, https:\/\/consisd.com.mx\/consisd\/wp-content\/uploads\/2019\/11\/K_RvU6Ie-350x350.jpg 350w, https:\/\/consisd.com.mx\/consisd\/wp-content\/uploads\/2019\/11\/K_RvU6Ie-480x480.jpg 480w\" sizes=\"(max-width: 512px) 100vw, 512px\" \/>\t\t\t\t\t\t\t\t<\/a>\n\t\t\t\t\t\t\t\t\t\t\t<\/div>\n\t\t\t\t<\/div>\n\t\t\t\t<\/div>\n\t\t\t\t\t\t<\/div>\n\t\t\t<\/div>\n\t\t<\/div>\n\t\t\t\t<div class=\"elementor-element elementor-element-354f6fd elementor-column elementor-col-50 elementor-inner-column\" data-id=\"354f6fd\" data-element_type=\"column\">\n\t\t\t<div class=\"elementor-column-wrap  elementor-element-populated\">\n\t\t\t\t\t<div class=\"elementor-widget-wrap\">\n\t\t\t\t<div class=\"elementor-element elementor-element-8b5f7c0 elementor-widget elementor-widget-image\" data-id=\"8b5f7c0\" data-element_type=\"widget\" data-widget_type=\"image.default\">\n\t\t\t\t<div class=\"elementor-widget-container\">\n\t\t\t\t\t<div class=\"elementor-image\">\n\t\t\t\t\t\t\t\t\t\t\t<a href=\"https:\/\/www.circulodecredito.com.mx\/\">\n\t\t\t\t\t\t\t<img width=\"400\" height=\"400\" src=\"https:\/\/consisd.com.mx\/consisd\/wp-content\/uploads\/2019\/11\/vDYTaxdC_400x400.jpg\" class=\"attachment-large size-large\" alt=\"\" loading=\"lazy\" srcset=\"https:\/\/consisd.com.mx\/consisd\/wp-content\/uploads\/2019\/11\/vDYTaxdC_400x400.jpg 400w, https:\/\/consisd.com.mx\/consisd\/wp-content\/uploads\/2019\/11\/vDYTaxdC_400x400-150x150.jpg 150w, https:\/\/consisd.com.mx\/consisd\/wp-content\/uploads\/2019\/11\/vDYTaxdC_400x400-300x300.jpg 300w, https:\/\/consisd.com.mx\/consisd\/wp-content\/uploads\/2019\/11\/vDYTaxdC_400x400-230x230.jpg 230w, https:\/\/consisd.com.mx\/consisd\/wp-content\/uploads\/2019\/11\/vDYTaxdC_400x400-350x350.jpg 350w\" sizes=\"(max-width: 400px) 100vw, 400px\" \/>\t\t\t\t\t\t\t\t<\/a>\n\t\t\t\t\t\t\t\t\t\t\t<\/div>\n\t\t\t\t<\/div>\n\t\t\t\t<\/div>\n\t\t\t\t\t\t<\/div>\n\t\t\t<\/div>\n\t\t<\/div>\n\t\t\t\t\t\t<\/div>\n\t\t\t<\/div>\n\t\t<\/section>\n\t\t\t\t\t\t<\/div>\n\t\t\t<\/div>\n\t\t<\/div>\n\t\t\t\t\t\t<\/div>\n\t\t\t<\/div>\n\t\t<\/section>\n\t\t\t\t\t\t<\/div>\n\t\t\t<\/div>\n\t\t<\/div>\n\t\t","protected":false},"excerpt":{"rendered":"<p>\u00a0 Bienvenido. CONSISD Es una empresa con experiencia de m\u00e1s de 18 a\u00f1os, dedicada al Desarrollo de Herramientas enfocadas en el control de la operaci\u00f3n, as\u00ed como en la explotaci\u00f3n de la informaci\u00f3n, adem\u00e1s de contribuir\u00a0 en el \u00a0Cumplimiento de las Disposiciones que marca la Ley. En primer lugar y como una de sus principales [&hellip;]<\/p>\n","protected":false},"author":1,"featured_media":629,"parent":0,"menu_order":0,"comment_status":"closed","ping_status":"closed","template":"","meta":[],"_links":{"self":[{"href":"https:\/\/consisd.com.mx\/consisd\/wp-json\/wp\/v2\/pages\/20"}],"collection":[{"href":"https:\/\/consisd.com.mx\/consisd\/wp-json\/wp\/v2\/pages"}],"about":[{"href":"https:\/\/consisd.com.mx\/consisd\/wp-json\/wp\/v2\/types\/page"}],"author":[{"embeddable":true,"href":"https:\/\/consisd.com.mx\/consisd\/wp-json\/wp\/v2\/users\/1"}],"replies":[{"embeddable":true,"href":"https:\/\/consisd.com.mx\/consisd\/wp-json\/wp\/v2\/comments?post=20"}],"version-history":[{"count":10,"href":"https:\/\/consisd.com.mx\/consisd\/wp-json\/wp\/v2\/pages\/20\/revisions"}],"predecessor-version":[{"id":792,"href":"https:\/\/consisd.com.mx\/consisd\/wp-json\/wp\/v2\/pages\/20\/revisions\/792"}],"wp:featuredmedia":[{"embeddable":true,"href":"https:\/\/consisd.com.mx\/consisd\/wp-json\/wp\/v2\/media\/629"}],"wp:attachment":[{"href":"https:\/\/consisd.com.mx\/consisd\/wp-json\/wp\/v2\/media?parent=20"}],"curies":[{"name":"wp","href":"https:\/\/api.w.org\/{rel}","templated":true}]}}